{"id":345,"date":"2026-02-01T19:01:56","date_gmt":"2026-02-01T18:01:56","guid":{"rendered":"https:\/\/kalibrenov.fr\/?page_id=345"},"modified":"2026-02-01T19:01:58","modified_gmt":"2026-02-01T18:01:58","slug":"renovation-interieure-complete-appartement-4-pieces","status":"publish","type":"page","link":"https:\/\/kalibrenov.fr\/index.php\/renovation-interieure-complete-appartement-4-pieces\/","title":{"rendered":"R\u00e9novation int\u00e9rieure compl\u00e8te Appartement 4 pi\u00e8ces"},"content":{"rendered":"\n<h2 class=\"wp-block-heading\">Avant Renovation<\/h2>\n\n\n\n<div style=\"height:30px\" aria-hidden=\"true\" class=\"wp-block-spacer\"><\/div>\n\n\n\n<figure class=\"wp-block-gallery has-nested-images columns-4 is-cropped wp-block-gallery-1 is-layout-flex wp-block-gallery-is-layout-flex\">\n<figure class=\"wp-block-image size-large\"><img fetchpriority=\"high\" decoding=\"async\" width=\"768\" height=\"1024\" data-id=\"346\" src=\"https:\/\/kalibrenov.fr\/wp-content\/uploads\/2026\/02\/IMG_5450-768x1024.jpeg\" alt=\"\" class=\"wp-image-346\" srcset=\"https:\/\/kalibrenov.fr\/wp-content\/uploads\/2026\/02\/IMG_5450-768x1024.jpeg 768w, https:\/\/kalibrenov.fr\/wp-content\/uploads\/2026\/02\/IMG_5450-225x300.jpeg 225w, https:\/\/kalibrenov.fr\/wp-content\/uploads\/2026\/02\/IMG_5450-1152x1536.jpeg 1152w, https:\/\/kalibrenov.fr\/wp-content\/uploads\/2026\/02\/IMG_5450-1536x2048.jpeg 1536w, https:\/\/kalibrenov.fr\/wp-content\/uploads\/2026\/02\/IMG_5450-scaled.jpeg 1920w\" sizes=\"(max-width: 768px) 100vw, 768px\" \/><\/figure>\n\n\n\n<figure class=\"wp-block-image size-large\"><img decoding=\"async\" width=\"768\" height=\"1024\" data-id=\"347\" src=\"https:\/\/kalibrenov.fr\/wp-content\/uploads\/2026\/02\/IMG_5456-768x1024.jpeg\" alt=\"\" class=\"wp-image-347\" srcset=\"https:\/\/kalibrenov.fr\/wp-content\/uploads\/2026\/02\/IMG_5456-768x1024.jpeg 768w, https:\/\/kalibrenov.fr\/wp-content\/uploads\/2026\/02\/IMG_5456-225x300.jpeg 225w, https:\/\/kalibrenov.fr\/wp-content\/uploads\/2026\/02\/IMG_5456-1152x1536.jpeg 1152w, https:\/\/kalibrenov.fr\/wp-content\/uploads\/2026\/02\/IMG_5456-1536x2048.jpeg 1536w, https:\/\/kalibrenov.fr\/wp-content\/uploads\/2026\/02\/IMG_5456-scaled.jpeg 1920w\" sizes=\"(max-width: 768px) 100vw, 768px\" \/><\/figure>\n\n\n\n<figure class=\"wp-block-image size-large\"><img decoding=\"async\" width=\"1024\" height=\"768\" data-id=\"348\" src=\"https:\/\/kalibrenov.fr\/wp-content\/uploads\/2026\/02\/IMG_5449-1024x768.jpeg\" alt=\"\" class=\"wp-image-348\" srcset=\"https:\/\/kalibrenov.fr\/wp-content\/uploads\/2026\/02\/IMG_5449-1024x768.jpeg 1024w, https:\/\/kalibrenov.fr\/wp-content\/uploads\/2026\/02\/IMG_5449-300x225.jpeg 300w, https:\/\/kalibrenov.fr\/wp-content\/uploads\/2026\/02\/IMG_5449-768x576.jpeg 768w, https:\/\/kalibrenov.fr\/wp-content\/uploads\/2026\/02\/IMG_5449-1536x1152.jpeg 1536w, https:\/\/kalibrenov.fr\/wp-content\/uploads\/2026\/02\/IMG_5449-2048x1536.jpeg 2048w\" sizes=\"(max-width: 1024px) 100vw, 1024px\" \/><\/figure>\n\n\n\n<figure class=\"wp-block-image size-large is-style-default\"><img loading=\"lazy\" decoding=\"async\" width=\"768\" height=\"1024\" data-id=\"349\" src=\"https:\/\/kalibrenov.fr\/wp-content\/uploads\/2026\/02\/IMG_6876-768x1024.jpeg\" alt=\"\" class=\"wp-image-349\" srcset=\"https:\/\/kalibrenov.fr\/wp-content\/uploads\/2026\/02\/IMG_6876-768x1024.jpeg 768w, https:\/\/kalibrenov.fr\/wp-content\/uploads\/2026\/02\/IMG_6876-225x300.jpeg 225w, https:\/\/kalibrenov.fr\/wp-content\/uploads\/2026\/02\/IMG_6876-1152x1536.jpeg 1152w, https:\/\/kalibrenov.fr\/wp-content\/uploads\/2026\/02\/IMG_6876-1536x2048.jpeg 1536w, https:\/\/kalibrenov.fr\/wp-content\/uploads\/2026\/02\/IMG_6876-scaled.jpeg 1920w\" sizes=\"(max-width: 768px) 100vw, 768px\" \/><\/figure>\n<\/figure>\n\n\n\n<div style=\"height:30px\" aria-hidden=\"true\" class=\"wp-block-spacer\"><\/div>\n\n\n\n<h2 class=\"wp-block-heading\">APR\u00c8S RENOVATION<\/h2>\n\n\n\n<figure class=\"wp-block-gallery has-nested-images columns-3 is-cropped wp-block-gallery-2 is-layout-flex wp-block-gallery-is-layout-flex\">\n<figure class=\"wp-block-image size-large\"><img loading=\"lazy\" decoding=\"async\" width=\"1024\" height=\"768\" data-id=\"350\" src=\"https:\/\/kalibrenov.fr\/wp-content\/uploads\/2026\/02\/IMG_6886-1024x768.jpeg\" alt=\"\" class=\"wp-image-350\" srcset=\"https:\/\/kalibrenov.fr\/wp-content\/uploads\/2026\/02\/IMG_6886-1024x768.jpeg 1024w, https:\/\/kalibrenov.fr\/wp-content\/uploads\/2026\/02\/IMG_6886-300x225.jpeg 300w, https:\/\/kalibrenov.fr\/wp-content\/uploads\/2026\/02\/IMG_6886-768x576.jpeg 768w, https:\/\/kalibrenov.fr\/wp-content\/uploads\/2026\/02\/IMG_6886-1536x1152.jpeg 1536w, https:\/\/kalibrenov.fr\/wp-content\/uploads\/2026\/02\/IMG_6886-2048x1536.jpeg 2048w\" sizes=\"(max-width: 1024px) 100vw, 1024px\" \/><\/figure>\n\n\n\n<figure class=\"wp-block-image size-large\"><img loading=\"lazy\" decoding=\"async\" width=\"1024\" height=\"768\" data-id=\"351\" src=\"https:\/\/kalibrenov.fr\/wp-content\/uploads\/2026\/02\/IMG_6881-1024x768.jpeg\" alt=\"\" class=\"wp-image-351\" srcset=\"https:\/\/kalibrenov.fr\/wp-content\/uploads\/2026\/02\/IMG_6881-1024x768.jpeg 1024w, https:\/\/kalibrenov.fr\/wp-content\/uploads\/2026\/02\/IMG_6881-300x225.jpeg 300w, https:\/\/kalibrenov.fr\/wp-content\/uploads\/2026\/02\/IMG_6881-768x576.jpeg 768w, https:\/\/kalibrenov.fr\/wp-content\/uploads\/2026\/02\/IMG_6881-1536x1152.jpeg 1536w, https:\/\/kalibrenov.fr\/wp-content\/uploads\/2026\/02\/IMG_6881-2048x1536.jpeg 2048w\" sizes=\"(max-width: 1024px) 100vw, 1024px\" \/><\/figure>\n\n\n\n<figure class=\"wp-block-image size-large\"><img loading=\"lazy\" decoding=\"async\" width=\"768\" height=\"1024\" data-id=\"352\" src=\"https:\/\/kalibrenov.fr\/wp-content\/uploads\/2026\/02\/IMG_6893-768x1024.jpeg\" alt=\"\" class=\"wp-image-352\" srcset=\"https:\/\/kalibrenov.fr\/wp-content\/uploads\/2026\/02\/IMG_6893-768x1024.jpeg 768w, https:\/\/kalibrenov.fr\/wp-content\/uploads\/2026\/02\/IMG_6893-225x300.jpeg 225w, https:\/\/kalibrenov.fr\/wp-content\/uploads\/2026\/02\/IMG_6893-1152x1536.jpeg 1152w, https:\/\/kalibrenov.fr\/wp-content\/uploads\/2026\/02\/IMG_6893-1536x2048.jpeg 1536w, https:\/\/kalibrenov.fr\/wp-content\/uploads\/2026\/02\/IMG_6893-scaled.jpeg 1920w\" sizes=\"(max-width: 768px) 100vw, 768px\" \/><\/figure>\n\n\n\n<figure class=\"wp-block-image size-large\"><img loading=\"lazy\" decoding=\"async\" width=\"768\" height=\"1024\" data-id=\"353\" src=\"https:\/\/kalibrenov.fr\/wp-content\/uploads\/2026\/02\/IMG_6888-768x1024.jpeg\" alt=\"\" class=\"wp-image-353\" srcset=\"https:\/\/kalibrenov.fr\/wp-content\/uploads\/2026\/02\/IMG_6888-768x1024.jpeg 768w, https:\/\/kalibrenov.fr\/wp-content\/uploads\/2026\/02\/IMG_6888-225x300.jpeg 225w, https:\/\/kalibrenov.fr\/wp-content\/uploads\/2026\/02\/IMG_6888-1152x1536.jpeg 1152w, https:\/\/kalibrenov.fr\/wp-content\/uploads\/2026\/02\/IMG_6888-1536x2048.jpeg 1536w, https:\/\/kalibrenov.fr\/wp-content\/uploads\/2026\/02\/IMG_6888-scaled.jpeg 1920w\" sizes=\"(max-width: 768px) 100vw, 768px\" \/><\/figure>\n\n\n\n<figure class=\"wp-block-image size-large\"><img loading=\"lazy\" decoding=\"async\" width=\"768\" height=\"1024\" data-id=\"354\" src=\"https:\/\/kalibrenov.fr\/wp-content\/uploads\/2026\/02\/IMG_6883-768x1024.jpeg\" alt=\"\" class=\"wp-image-354\" srcset=\"https:\/\/kalibrenov.fr\/wp-content\/uploads\/2026\/02\/IMG_6883-768x1024.jpeg 768w, https:\/\/kalibrenov.fr\/wp-content\/uploads\/2026\/02\/IMG_6883-225x300.jpeg 225w, https:\/\/kalibrenov.fr\/wp-content\/uploads\/2026\/02\/IMG_6883-1152x1536.jpeg 1152w, https:\/\/kalibrenov.fr\/wp-content\/uploads\/2026\/02\/IMG_6883-1536x2048.jpeg 1536w, https:\/\/kalibrenov.fr\/wp-content\/uploads\/2026\/02\/IMG_6883-scaled.jpeg 1920w\" sizes=\"(max-width: 768px) 100vw, 768px\" \/><\/figure>\n<\/figure>\n\n\n\n<h2 class=\"wp-block-heading has-text-align-center\"><\/h2>\n\n\n\n<div class=\"wp-block-cover\"><span aria-hidden=\"true\" class=\"wp-block-cover__background has-heading-color-background-color has-background-dim-100 has-background-dim\"><\/span><div class=\"wp-block-cover__inner-container is-layout-constrained wp-block-cover-is-layout-constrained\">\n<p class=\"has-text-align-center has-large-font-size\">PROJETS SIMILAIRES<\/p>\n\n\n\n<div class=\"cozy-block-wrapper \">\n\t\n<div class=\"cozy-block-featured-content-box display-carousel layout-stacked  cozy-featured-content-box__swiper-container hover-show\" id=\"cozyBlock_f9d6a53a_32f8_482e_82c4_98e2b509ecf0\"><div class=\"cozy-carousel-wrapper swiper-wrapper\">\n<div class=\"cozy-block-carousel swiper-slide\">\n<div class=\"wp-block-group cozy-featured-content-box__container is-layout-constrained wp-block-group-is-layout-constrained\">\n<div class=\"wp-block-group cozy-layout-wrapper is-layout-flow wp-block-group-is-layout-flow\" style=\"margin-top:0;margin-bottom:26px\">\n<figure class=\"wp-block-image aligncenter size-full has-custom-border cozy-featured-content-box__featured-image is-style-default cozy-animation__initialized cozy-hover-effect__initialized\" style=\"\" data-aos=\"zoom-in\" data-aos-easing=\"ease-in\" data-aos-anchor-placement=\"top-center\" data-aos-duration=\"600\"><img loading=\"lazy\" decoding=\"async\" width=\"1200\" height=\"1600\" src=\"https:\/\/kalibrenov.fr\/wp-content\/uploads\/2026\/01\/WhatsApp-Image-2026-01-03-at-20.35.28-2.jpeg\" alt=\"\" class=\"wp-image-109\" style=\"border-radius:16px;aspect-ratio:1;object-fit:cover\" srcset=\"https:\/\/kalibrenov.fr\/wp-content\/uploads\/2026\/01\/WhatsApp-Image-2026-01-03-at-20.35.28-2.jpeg 1200w, https:\/\/kalibrenov.fr\/wp-content\/uploads\/2026\/01\/WhatsApp-Image-2026-01-03-at-20.35.28-2-225x300.jpeg 225w, https:\/\/kalibrenov.fr\/wp-content\/uploads\/2026\/01\/WhatsApp-Image-2026-01-03-at-20.35.28-2-768x1024.jpeg 768w, https:\/\/kalibrenov.fr\/wp-content\/uploads\/2026\/01\/WhatsApp-Image-2026-01-03-at-20.35.28-2-1152x1536.jpeg 1152w\" sizes=\"(max-width: 1200px) 100vw, 1200px\" \/><\/figure>\n\n\n\n<figure class=\"wp-block-image size-full is-resized has-custom-border cozy-stacked-image\"><img loading=\"lazy\" decoding=\"async\" width=\"183\" height=\"191\" src=\"https:\/\/kalibrenov.fr\/wp-content\/uploads\/2025\/07\/logo.png\" alt=\"kalib renovation\" class=\"wp-image-13\" style=\"border-radius:50px;width:67px\"\/><\/figure>\n<\/div>\n\n\n\n<h4 class=\"wp-block-heading has-text-align-center has-light-color-color has-text-color has-link-color wp-elements-55cec20c4ae09519d0ec302a85566ef1\">R\u00e9novation int\u00e9rieure compl\u00e8te \u2013 Studio<\/h4>\n\n\n\n<p><\/p>\n\n\n\n<div class=\"wp-block-buttons is-content-justification-center is-layout-flex wp-container-core-buttons-is-layout-7c0654d5 wp-block-buttons-is-layout-flex\" style=\"margin-top:16px\"><\/div>\n<\/div>\n<\/div>\n\n\n\n<div class=\"cozy-block-carousel swiper-slide\">\n<div class=\"wp-block-group cozy-featured-content-box__container is-layout-constrained wp-block-group-is-layout-constrained\">\n<div class=\"wp-block-group cozy-layout-wrapper is-layout-flow wp-block-group-is-layout-flow\" style=\"margin-top:0;margin-bottom:26px\">\n<figure class=\"wp-block-image aligncenter size-full has-custom-border cozy-featured-content-box__featured-image is-style-default cozy-animation__initialized\" data-aos=\"zoom-in\" data-aos-easing=\"ease-in\" data-aos-anchor-placement=\"top-center\" data-aos-duration=\"600\"><img loading=\"lazy\" decoding=\"async\" width=\"1600\" height=\"1203\" src=\"https:\/\/kalibrenov.fr\/wp-content\/uploads\/2026\/01\/WhatsApp-Image-2026-01-06-at-20.41.23.jpeg\" alt=\"\" class=\"wp-image-133\" style=\"border-radius:16px;aspect-ratio:1;object-fit:cover\" srcset=\"https:\/\/kalibrenov.fr\/wp-content\/uploads\/2026\/01\/WhatsApp-Image-2026-01-06-at-20.41.23.jpeg 1600w, https:\/\/kalibrenov.fr\/wp-content\/uploads\/2026\/01\/WhatsApp-Image-2026-01-06-at-20.41.23-300x226.jpeg 300w, https:\/\/kalibrenov.fr\/wp-content\/uploads\/2026\/01\/WhatsApp-Image-2026-01-06-at-20.41.23-1024x770.jpeg 1024w, https:\/\/kalibrenov.fr\/wp-content\/uploads\/2026\/01\/WhatsApp-Image-2026-01-06-at-20.41.23-768x577.jpeg 768w, https:\/\/kalibrenov.fr\/wp-content\/uploads\/2026\/01\/WhatsApp-Image-2026-01-06-at-20.41.23-1536x1155.jpeg 1536w\" sizes=\"(max-width: 1600px) 100vw, 1600px\" \/><\/figure>\n\n\n\n<figure class=\"wp-block-image size-full is-resized has-custom-border cozy-stacked-image\"><img loading=\"lazy\" decoding=\"async\" width=\"183\" height=\"191\" src=\"https:\/\/kalibrenov.fr\/wp-content\/uploads\/2025\/07\/logo.png\" alt=\"kalib renovation\" class=\"wp-image-13\" style=\"border-radius:50px;width:67px\"\/><\/figure>\n<\/div>\n\n\n\n<h4 class=\"wp-block-heading has-text-align-center\">R\u00e9novation int\u00e9rieure compl\u00e8te \u2013 Appartement 2 pi\u00e8ces<\/h4>\n\n\n\n<div class=\"wp-block-buttons is-content-justification-center is-layout-flex wp-container-core-buttons-is-layout-7c0654d5 wp-block-buttons-is-layout-flex\" style=\"margin-top:16px\"><\/div>\n<\/div>\n<\/div>\n\n\n\n<div class=\"cozy-block-carousel swiper-slide\">\n<div class=\"wp-block-group cozy-featured-content-box__container is-layout-constrained wp-block-group-is-layout-constrained\">\n<div class=\"wp-block-group cozy-layout-wrapper is-layout-flow wp-block-group-is-layout-flow\" style=\"margin-top:0;margin-bottom:26px\">\n<figure class=\"wp-block-image aligncenter size-large has-custom-border cozy-featured-content-box__featured-image is-style-default cozy-animation__initialized\" data-aos=\"zoom-in\" data-aos-easing=\"ease-in\" data-aos-anchor-placement=\"top-center\" data-aos-duration=\"600\"><img loading=\"lazy\" decoding=\"async\" width=\"1024\" height=\"768\" src=\"https:\/\/kalibrenov.fr\/wp-content\/uploads\/2026\/01\/WhatsApp-Image-2026-01-06-at-20.48.31-1024x768.jpeg\" alt=\"\" class=\"wp-image-147\" style=\"border-radius:16px;aspect-ratio:1;object-fit:cover\" srcset=\"https:\/\/kalibrenov.fr\/wp-content\/uploads\/2026\/01\/WhatsApp-Image-2026-01-06-at-20.48.31-1024x768.jpeg 1024w, https:\/\/kalibrenov.fr\/wp-content\/uploads\/2026\/01\/WhatsApp-Image-2026-01-06-at-20.48.31-300x225.jpeg 300w, https:\/\/kalibrenov.fr\/wp-content\/uploads\/2026\/01\/WhatsApp-Image-2026-01-06-at-20.48.31-768x576.jpeg 768w, https:\/\/kalibrenov.fr\/wp-content\/uploads\/2026\/01\/WhatsApp-Image-2026-01-06-at-20.48.31-1536x1152.jpeg 1536w, https:\/\/kalibrenov.fr\/wp-content\/uploads\/2026\/01\/WhatsApp-Image-2026-01-06-at-20.48.31-2048x1536.jpeg 2048w\" sizes=\"(max-width: 1024px) 100vw, 1024px\" \/><\/figure>\n\n\n\n<figure class=\"wp-block-image size-full is-resized has-custom-border cozy-stacked-image\"><img loading=\"lazy\" decoding=\"async\" width=\"183\" height=\"191\" src=\"https:\/\/kalibrenov.fr\/wp-content\/uploads\/2025\/07\/logo.png\" alt=\"kalib renovation\" class=\"wp-image-13\" style=\"border-radius:50px;width:67px\"\/><\/figure>\n<\/div>\n\n\n\n<h4 class=\"wp-block-heading has-text-align-center\">R\u00e9novation int\u00e9rieure compl\u00e8te Appartement 4 pi\u00e8ces<\/h4>\n\n\n\n<div class=\"wp-block-buttons is-content-justification-center is-layout-flex wp-container-core-buttons-is-layout-7c0654d5 wp-block-buttons-is-layout-flex\" style=\"margin-top:16px\"><\/div>\n<\/div>\n<\/div>\n<\/div><div class=\"swiper-button-prev cozy-block-button-prev\"><\/div><div class=\"swiper-button-next cozy-block-button-next\"><\/div><div class=\"swiper-pagination cozy-pagination\"><\/div><\/div>\n<\/div><\/div><\/div>\n","protected":false},"excerpt":{"rendered":"<p>Avant Renovation APR\u00c8S RENOVATION<\/p>\n","protected":false},"author":1,"featured_media":0,"parent":0,"menu_order":0,"comment_status":"closed","ping_status":"closed","template":"","meta":{"footnotes":""},"class_list":["post-345","page","type-page","status-publish","hentry"],"_links":{"self":[{"href":"https:\/\/kalibrenov.fr\/index.php\/wp-json\/wp\/v2\/pages\/345","targetHints":{"allow":["GET"]}}],"collection":[{"href":"https:\/\/kalibrenov.fr\/index.php\/wp-json\/wp\/v2\/pages"}],"about":[{"href":"https:\/\/kalibrenov.fr\/index.php\/wp-json\/wp\/v2\/types\/page"}],"author":[{"embeddable":true,"href":"https:\/\/kalibrenov.fr\/index.php\/wp-json\/wp\/v2\/users\/1"}],"replies":[{"embeddable":true,"href":"https:\/\/kalibrenov.fr\/index.php\/wp-json\/wp\/v2\/comments?post=345"}],"version-history":[{"count":1,"href":"https:\/\/kalibrenov.fr\/index.php\/wp-json\/wp\/v2\/pages\/345\/revisions"}],"predecessor-version":[{"id":355,"href":"https:\/\/kalibrenov.fr\/index.php\/wp-json\/wp\/v2\/pages\/345\/revisions\/355"}],"wp:attachment":[{"href":"https:\/\/kalibrenov.fr\/index.php\/wp-json\/wp\/v2\/media?parent=345"}],"curies":[{"name":"wp","href":"https:\/\/api.w.org\/{rel}","templated":true}]}}