{"id":207,"date":"2026-01-06T21:23:06","date_gmt":"2026-01-06T20:23:06","guid":{"rendered":"https:\/\/kalibrenov.fr\/?page_id=207"},"modified":"2026-01-06T21:55:51","modified_gmt":"2026-01-06T20:55:51","slug":"services-complementaires","status":"publish","type":"page","link":"https:\/\/kalibrenov.fr\/index.php\/services-complementaires\/","title":{"rendered":"Services compl\u00e9mentaires"},"content":{"rendered":"\n<figure class=\"wp-block-gallery has-nested-images columns-default is-cropped wp-block-gallery-1 is-layout-flex wp-block-gallery-is-layout-flex\">\n<figure class=\"wp-block-image size-large\"><img fetchpriority=\"high\" decoding=\"async\" width=\"1024\" height=\"684\" data-id=\"32\" src=\"https:\/\/kalibrenov.fr\/wp-content\/uploads\/2025\/07\/gens-reflechis-faisant-de-la-paperasse-min-1024x684.jpg\" alt=\"\" class=\"wp-image-32\" srcset=\"https:\/\/kalibrenov.fr\/wp-content\/uploads\/2025\/07\/gens-reflechis-faisant-de-la-paperasse-min-1024x684.jpg 1024w, https:\/\/kalibrenov.fr\/wp-content\/uploads\/2025\/07\/gens-reflechis-faisant-de-la-paperasse-min-300x200.jpg 300w, https:\/\/kalibrenov.fr\/wp-content\/uploads\/2025\/07\/gens-reflechis-faisant-de-la-paperasse-min-768x513.jpg 768w, https:\/\/kalibrenov.fr\/wp-content\/uploads\/2025\/07\/gens-reflechis-faisant-de-la-paperasse-min-1536x1025.jpg 1536w, https:\/\/kalibrenov.fr\/wp-content\/uploads\/2025\/07\/gens-reflechis-faisant-de-la-paperasse-min-2048x1367.jpg 2048w\" sizes=\"(max-width: 1024px) 100vw, 1024px\" \/><\/figure>\n\n\n\n<figure class=\"wp-block-image size-large\"><img decoding=\"async\" width=\"1024\" height=\"683\" data-id=\"230\" src=\"https:\/\/kalibrenov.fr\/wp-content\/uploads\/2026\/01\/carreleur-travaillant-sur-la-renovation-d-un-appartement-2-1024x683.jpg\" alt=\"\" class=\"wp-image-230\" srcset=\"https:\/\/kalibrenov.fr\/wp-content\/uploads\/2026\/01\/carreleur-travaillant-sur-la-renovation-d-un-appartement-2-1024x683.jpg 1024w, https:\/\/kalibrenov.fr\/wp-content\/uploads\/2026\/01\/carreleur-travaillant-sur-la-renovation-d-un-appartement-2-300x200.jpg 300w, https:\/\/kalibrenov.fr\/wp-content\/uploads\/2026\/01\/carreleur-travaillant-sur-la-renovation-d-un-appartement-2-768x512.jpg 768w, https:\/\/kalibrenov.fr\/wp-content\/uploads\/2026\/01\/carreleur-travaillant-sur-la-renovation-d-un-appartement-2-1536x1024.jpg 1536w, https:\/\/kalibrenov.fr\/wp-content\/uploads\/2026\/01\/carreleur-travaillant-sur-la-renovation-d-un-appartement-2-2048x1365.jpg 2048w\" sizes=\"(max-width: 1024px) 100vw, 1024px\" \/><\/figure>\n<\/figure>\n\n\n\n<div style=\"height:15px\" aria-hidden=\"true\" class=\"wp-block-spacer\"><\/div>\n\n\n\n<p>En compl\u00e9ment des travaux classiques, nous proposons des <strong>services sur mesure <\/strong>pour r\u00e9pondre \u00e0 des besoins sp\u00e9cifiques. Cela inclut notamment :<\/p>\n\n\n\n<ul class=\"wp-block-list\">\n<li>isolation int\u00e9rieure et ext\u00e9rieure<\/li>\n\n\n\n<li>dressing et rangements personnalis\u00e9s,<\/li>\n\n\n\n<li>am\u00e9nagements int\u00e9rieurs,<\/li>\n\n\n\n<li>coordination de chantier,<\/li>\n\n\n\n<li>accompagnement technique et conseils. Ces prestations permettent d\u2019avoir un <strong>projet cl\u00e9 en main<\/strong>, avec un interlocuteur unique et une vision globale du chantier. <br><strong>Contactez-nous pour une \u00e9tude personnalis\u00e9e et un devis gratuit.<\/strong><\/li>\n<\/ul>\n","protected":false},"excerpt":{"rendered":"<p>En compl\u00e9ment des travaux classiques, nous proposons des services sur mesure pour r\u00e9pondre \u00e0 des besoins sp\u00e9cifiques. Cela inclut notamment :<\/p>\n","protected":false},"author":1,"featured_media":0,"parent":0,"menu_order":0,"comment_status":"closed","ping_status":"closed","template":"","meta":{"footnotes":""},"class_list":["post-207","page","type-page","status-publish","hentry"],"_links":{"self":[{"href":"https:\/\/kalibrenov.fr\/index.php\/wp-json\/wp\/v2\/pages\/207","targetHints":{"allow":["GET"]}}],"collection":[{"href":"https:\/\/kalibrenov.fr\/index.php\/wp-json\/wp\/v2\/pages"}],"about":[{"href":"https:\/\/kalibrenov.fr\/index.php\/wp-json\/wp\/v2\/types\/page"}],"author":[{"embeddable":true,"href":"https:\/\/kalibrenov.fr\/index.php\/wp-json\/wp\/v2\/users\/1"}],"replies":[{"embeddable":true,"href":"https:\/\/kalibrenov.fr\/index.php\/wp-json\/wp\/v2\/comments?post=207"}],"version-history":[{"count":6,"href":"https:\/\/kalibrenov.fr\/index.php\/wp-json\/wp\/v2\/pages\/207\/revisions"}],"predecessor-version":[{"id":237,"href":"https:\/\/kalibrenov.fr\/index.php\/wp-json\/wp\/v2\/pages\/207\/revisions\/237"}],"wp:attachment":[{"href":"https:\/\/kalibrenov.fr\/index.php\/wp-json\/wp\/v2\/media?parent=207"}],"curies":[{"name":"wp","href":"https:\/\/api.w.org\/{rel}","templated":true}]}}