{"id":205,"date":"2026-01-06T21:22:17","date_gmt":"2026-01-06T20:22:17","guid":{"rendered":"https:\/\/kalibrenov.fr\/?page_id=205"},"modified":"2026-01-06T21:57:23","modified_gmt":"2026-01-06T20:57:23","slug":"peinture-et-revetements","status":"publish","type":"page","link":"https:\/\/kalibrenov.fr\/index.php\/peinture-et-revetements\/","title":{"rendered":"Peinture et rev\u00eatements"},"content":{"rendered":"\n<figure class=\"wp-block-image size-large\"><img fetchpriority=\"high\" decoding=\"async\" width=\"683\" height=\"1024\" src=\"https:\/\/kalibrenov.fr\/wp-content\/uploads\/2025\/07\/jeune-travailleur-peignant-un-mur-plein-coup-683x1024.jpg\" alt=\"\" class=\"wp-image-29\" srcset=\"https:\/\/kalibrenov.fr\/wp-content\/uploads\/2025\/07\/jeune-travailleur-peignant-un-mur-plein-coup-683x1024.jpg 683w, https:\/\/kalibrenov.fr\/wp-content\/uploads\/2025\/07\/jeune-travailleur-peignant-un-mur-plein-coup-200x300.jpg 200w, https:\/\/kalibrenov.fr\/wp-content\/uploads\/2025\/07\/jeune-travailleur-peignant-un-mur-plein-coup-768x1152.jpg 768w, https:\/\/kalibrenov.fr\/wp-content\/uploads\/2025\/07\/jeune-travailleur-peignant-un-mur-plein-coup-1024x1536.jpg 1024w, https:\/\/kalibrenov.fr\/wp-content\/uploads\/2025\/07\/jeune-travailleur-peignant-un-mur-plein-coup-1365x2048.jpg 1365w, https:\/\/kalibrenov.fr\/wp-content\/uploads\/2025\/07\/jeune-travailleur-peignant-un-mur-plein-coup-scaled.jpg 1707w\" sizes=\"(max-width: 683px) 100vw, 683px\" \/><\/figure>\n\n\n\n<div style=\"height:15px\" aria-hidden=\"true\" class=\"wp-block-spacer\"><\/div>\n\n\n\n<p>La peinture est un \u00e9l\u00e9ment cl\u00e9 dans la r\u00e9ussite d\u2019une r\u00e9novation.<br>Chez KALIB R\u00e9novation, nous r\u00e9alisons des <strong>travaux de peinture int\u00e9rieure et ext\u00e9rieure <\/strong>avec un haut niveau de finition.<\/p>\n\n\n\n<p>Nous intervenons sur :<\/p>\n\n\n\n<ul class=\"wp-block-list\">\n<li>murs et plafonds,<\/li>\n\n\n\n<li>pr\u00e9paration des supports (enduits, reprises),<\/li>\n\n\n\n<li>peintures mates, satin\u00e9es ou sp\u00e9cifiques,<\/li>\n\n\n\n<li>rev\u00eatements d\u00e9coratifs. Nous privil\u00e9gions des produits de qualit\u00e9 et un travail soign\u00e9 pour un rendu propre, durable et harmonieux. <br><strong>Contactez-nous pour une \u00e9tude personnalis\u00e9e et un devis gratuit.<\/strong><\/li>\n<\/ul>\n","protected":false},"excerpt":{"rendered":"<p>La peinture est un \u00e9l\u00e9ment cl\u00e9 dans la r\u00e9ussite d\u2019une r\u00e9novation.Chez KALIB R\u00e9novation, nous r\u00e9alisons des travaux de peinture int\u00e9rieure et ext\u00e9rieure avec un haut niveau de finition. Nous intervenons sur :<\/p>\n","protected":false},"author":1,"featured_media":0,"parent":0,"menu_order":0,"comment_status":"closed","ping_status":"closed","template":"","meta":{"footnotes":""},"class_list":["post-205","page","type-page","status-publish","hentry"],"_links":{"self":[{"href":"https:\/\/kalibrenov.fr\/index.php\/wp-json\/wp\/v2\/pages\/205","targetHints":{"allow":["GET"]}}],"collection":[{"href":"https:\/\/kalibrenov.fr\/index.php\/wp-json\/wp\/v2\/pages"}],"about":[{"href":"https:\/\/kalibrenov.fr\/index.php\/wp-json\/wp\/v2\/types\/page"}],"author":[{"embeddable":true,"href":"https:\/\/kalibrenov.fr\/index.php\/wp-json\/wp\/v2\/users\/1"}],"replies":[{"embeddable":true,"href":"https:\/\/kalibrenov.fr\/index.php\/wp-json\/wp\/v2\/comments?post=205"}],"version-history":[{"count":3,"href":"https:\/\/kalibrenov.fr\/index.php\/wp-json\/wp\/v2\/pages\/205\/revisions"}],"predecessor-version":[{"id":240,"href":"https:\/\/kalibrenov.fr\/index.php\/wp-json\/wp\/v2\/pages\/205\/revisions\/240"}],"wp:attachment":[{"href":"https:\/\/kalibrenov.fr\/index.php\/wp-json\/wp\/v2\/media?parent=205"}],"curies":[{"name":"wp","href":"https:\/\/api.w.org\/{rel}","templated":true}]}}