{"id":203,"date":"2026-01-06T21:21:43","date_gmt":"2026-01-06T20:21:43","guid":{"rendered":"https:\/\/kalibrenov.fr\/?page_id=203"},"modified":"2026-01-06T21:56:58","modified_gmt":"2026-01-06T20:56:58","slug":"menuiserie-et-verrieres","status":"publish","type":"page","link":"https:\/\/kalibrenov.fr\/index.php\/menuiserie-et-verrieres\/","title":{"rendered":"Menuiserie et verri\u00e8res"},"content":{"rendered":"\n<figure class=\"wp-block-image size-large\"><img fetchpriority=\"high\" decoding=\"async\" width=\"1024\" height=\"683\" src=\"https:\/\/kalibrenov.fr\/wp-content\/uploads\/2025\/07\/ouvrier-dans-une-usine-1024x683.jpg\" alt=\"\" class=\"wp-image-28\" srcset=\"https:\/\/kalibrenov.fr\/wp-content\/uploads\/2025\/07\/ouvrier-dans-une-usine-1024x683.jpg 1024w, https:\/\/kalibrenov.fr\/wp-content\/uploads\/2025\/07\/ouvrier-dans-une-usine-300x200.jpg 300w, https:\/\/kalibrenov.fr\/wp-content\/uploads\/2025\/07\/ouvrier-dans-une-usine-768x512.jpg 768w, https:\/\/kalibrenov.fr\/wp-content\/uploads\/2025\/07\/ouvrier-dans-une-usine-1536x1024.jpg 1536w, https:\/\/kalibrenov.fr\/wp-content\/uploads\/2025\/07\/ouvrier-dans-une-usine-2048x1365.jpg 2048w\" sizes=\"(max-width: 1024px) 100vw, 1024px\" \/><\/figure>\n\n\n\n<div style=\"height:15px\" aria-hidden=\"true\" class=\"wp-block-spacer\"><\/div>\n\n\n\n<p>Nous r\u00e9alisons des <strong>menuiseries sur mesure <\/strong>et des verri\u00e8res adapt\u00e9es \u00e0 votre int\u00e9rieur et \u00e0 vos besoins.<br>Nos prestations comprennent :<\/p>\n\n\n\n<ul class=\"wp-block-list\">\n<li>meubles et rangements sur mesure,<\/li>\n\n\n\n<li>verri\u00e8res atelier,<\/li>\n\n\n\n<li>portes et s\u00e9parations int\u00e9rieures,<\/li>\n\n\n\n<li>solutions d\u2019optimisation d\u2019espace. Chaque projet est con\u00e7u pour allier <strong>fonctionnalit\u00e9, esth\u00e9tique et int\u00e9gration parfaite <\/strong>dans votre logement.<br>Nous vous accompagnons de la conception \u00e0 la pose finale. <br><strong>Contactez-nous pour une \u00e9tude personnalis\u00e9e et un devis gratuit.<\/strong><\/li>\n<\/ul>\n\n\n\n<p><\/p>\n","protected":false},"excerpt":{"rendered":"<p>Nous r\u00e9alisons des menuiseries sur mesure et des verri\u00e8res adapt\u00e9es \u00e0 votre int\u00e9rieur et \u00e0 vos besoins.Nos prestations comprennent :<\/p>\n","protected":false},"author":1,"featured_media":0,"parent":0,"menu_order":0,"comment_status":"closed","ping_status":"closed","template":"","meta":{"footnotes":""},"class_list":["post-203","page","type-page","status-publish","hentry"],"_links":{"self":[{"href":"https:\/\/kalibrenov.fr\/index.php\/wp-json\/wp\/v2\/pages\/203","targetHints":{"allow":["GET"]}}],"collection":[{"href":"https:\/\/kalibrenov.fr\/index.php\/wp-json\/wp\/v2\/pages"}],"about":[{"href":"https:\/\/kalibrenov.fr\/index.php\/wp-json\/wp\/v2\/types\/page"}],"author":[{"embeddable":true,"href":"https:\/\/kalibrenov.fr\/index.php\/wp-json\/wp\/v2\/users\/1"}],"replies":[{"embeddable":true,"href":"https:\/\/kalibrenov.fr\/index.php\/wp-json\/wp\/v2\/comments?post=203"}],"version-history":[{"count":6,"href":"https:\/\/kalibrenov.fr\/index.php\/wp-json\/wp\/v2\/pages\/203\/revisions"}],"predecessor-version":[{"id":239,"href":"https:\/\/kalibrenov.fr\/index.php\/wp-json\/wp\/v2\/pages\/203\/revisions\/239"}],"wp:attachment":[{"href":"https:\/\/kalibrenov.fr\/index.php\/wp-json\/wp\/v2\/media?parent=203"}],"curies":[{"name":"wp","href":"https:\/\/api.w.org\/{rel}","templated":true}]}}