{"id":201,"date":"2026-01-06T21:21:11","date_gmt":"2026-01-06T20:21:11","guid":{"rendered":"https:\/\/kalibrenov.fr\/?page_id=201"},"modified":"2026-01-06T21:57:49","modified_gmt":"2026-01-06T20:57:49","slug":"plomberie-et-sanitaires","status":"publish","type":"page","link":"https:\/\/kalibrenov.fr\/index.php\/plomberie-et-sanitaires\/","title":{"rendered":"Plomberie et sanitaires"},"content":{"rendered":"\n<figure class=\"wp-block-image size-large\"><img fetchpriority=\"high\" decoding=\"async\" width=\"1024\" height=\"683\" src=\"https:\/\/kalibrenov.fr\/wp-content\/uploads\/2025\/07\/un-homme-installe-un-systeme-de-chauffage-dans-une-maison-et-verifie-les-tuyaux-avec-une-cle-anglaise-min-1024x683.jpg\" alt=\"\" class=\"wp-image-27\" srcset=\"https:\/\/kalibrenov.fr\/wp-content\/uploads\/2025\/07\/un-homme-installe-un-systeme-de-chauffage-dans-une-maison-et-verifie-les-tuyaux-avec-une-cle-anglaise-min-1024x683.jpg 1024w, https:\/\/kalibrenov.fr\/wp-content\/uploads\/2025\/07\/un-homme-installe-un-systeme-de-chauffage-dans-une-maison-et-verifie-les-tuyaux-avec-une-cle-anglaise-min-300x200.jpg 300w, https:\/\/kalibrenov.fr\/wp-content\/uploads\/2025\/07\/un-homme-installe-un-systeme-de-chauffage-dans-une-maison-et-verifie-les-tuyaux-avec-une-cle-anglaise-min-768x512.jpg 768w, https:\/\/kalibrenov.fr\/wp-content\/uploads\/2025\/07\/un-homme-installe-un-systeme-de-chauffage-dans-une-maison-et-verifie-les-tuyaux-avec-une-cle-anglaise-min-1536x1024.jpg 1536w, https:\/\/kalibrenov.fr\/wp-content\/uploads\/2025\/07\/un-homme-installe-un-systeme-de-chauffage-dans-une-maison-et-verifie-les-tuyaux-avec-une-cle-anglaise-min-2048x1365.jpg 2048w\" sizes=\"(max-width: 1024px) 100vw, 1024px\" \/><\/figure>\n\n\n\n<div style=\"height:15px\" aria-hidden=\"true\" class=\"wp-block-spacer\"><\/div>\n\n\n\n<p>KALIB R\u00e9novation prend en charge la <strong>r\u00e9novation compl\u00e8te de vos installations de<\/strong><\/p>\n\n\n\n<p><strong>plomberie et sanitaires<\/strong>.<br>Nous intervenons notamment pour :<\/p>\n\n\n\n<ul class=\"wp-block-list\">\n<li>la cr\u00e9ation ou la r\u00e9novation de salles de bain,<\/li>\n\n\n\n<li>le remplacement de sanitaires,<\/li>\n\n\n\n<li>la modification de r\u00e9seaux d\u2019eau,<\/li>\n\n\n\n<li>la recherche et r\u00e9paration de fuites. Nos \u00e9quipes travaillent dans le respect des normes, avec une attention particuli\u00e8re port\u00e9e \u00e0 la fiabilit\u00e9 des installations et \u00e0 la qualit\u00e9 des finitions.<br>Objectif : un espace fonctionnel, confortable et durable. <br><strong>Contactez-nous pour une \u00e9tude personnalis\u00e9e et un devis gratuit.<\/strong><\/li>\n<\/ul>\n","protected":false},"excerpt":{"rendered":"<p>KALIB R\u00e9novation prend en charge la r\u00e9novation compl\u00e8te de vos installations de plomberie et sanitaires.Nous intervenons notamment pour :<\/p>\n","protected":false},"author":1,"featured_media":0,"parent":0,"menu_order":0,"comment_status":"closed","ping_status":"closed","template":"","meta":{"footnotes":""},"class_list":["post-201","page","type-page","status-publish","hentry"],"_links":{"self":[{"href":"https:\/\/kalibrenov.fr\/index.php\/wp-json\/wp\/v2\/pages\/201","targetHints":{"allow":["GET"]}}],"collection":[{"href":"https:\/\/kalibrenov.fr\/index.php\/wp-json\/wp\/v2\/pages"}],"about":[{"href":"https:\/\/kalibrenov.fr\/index.php\/wp-json\/wp\/v2\/types\/page"}],"author":[{"embeddable":true,"href":"https:\/\/kalibrenov.fr\/index.php\/wp-json\/wp\/v2\/users\/1"}],"replies":[{"embeddable":true,"href":"https:\/\/kalibrenov.fr\/index.php\/wp-json\/wp\/v2\/comments?post=201"}],"version-history":[{"count":3,"href":"https:\/\/kalibrenov.fr\/index.php\/wp-json\/wp\/v2\/pages\/201\/revisions"}],"predecessor-version":[{"id":241,"href":"https:\/\/kalibrenov.fr\/index.php\/wp-json\/wp\/v2\/pages\/201\/revisions\/241"}],"wp:attachment":[{"href":"https:\/\/kalibrenov.fr\/index.php\/wp-json\/wp\/v2\/media?parent=201"}],"curies":[{"name":"wp","href":"https:\/\/api.w.org\/{rel}","templated":true}]}}