{"id":194,"date":"2026-01-06T21:16:26","date_gmt":"2026-01-06T20:16:26","guid":{"rendered":"https:\/\/kalibrenov.fr\/?page_id=194"},"modified":"2026-01-06T21:25:04","modified_gmt":"2026-01-06T20:25:04","slug":"renovation-electrique","status":"publish","type":"page","link":"https:\/\/kalibrenov.fr\/index.php\/renovation-electrique\/","title":{"rendered":"R\u00e9novation \u00e9lectrique"},"content":{"rendered":"\n<figure class=\"wp-block-image size-large\"><img fetchpriority=\"high\" decoding=\"async\" width=\"1024\" height=\"683\" src=\"https:\/\/kalibrenov.fr\/wp-content\/uploads\/2025\/07\/homme-un-technicien-electricien-travaillant-dans-un-standard-avec-des-fusibles-2-1024x683.jpg\" alt=\"\" class=\"wp-image-24\" srcset=\"https:\/\/kalibrenov.fr\/wp-content\/uploads\/2025\/07\/homme-un-technicien-electricien-travaillant-dans-un-standard-avec-des-fusibles-2-1024x683.jpg 1024w, https:\/\/kalibrenov.fr\/wp-content\/uploads\/2025\/07\/homme-un-technicien-electricien-travaillant-dans-un-standard-avec-des-fusibles-2-300x200.jpg 300w, https:\/\/kalibrenov.fr\/wp-content\/uploads\/2025\/07\/homme-un-technicien-electricien-travaillant-dans-un-standard-avec-des-fusibles-2-768x512.jpg 768w, https:\/\/kalibrenov.fr\/wp-content\/uploads\/2025\/07\/homme-un-technicien-electricien-travaillant-dans-un-standard-avec-des-fusibles-2-1536x1024.jpg 1536w, https:\/\/kalibrenov.fr\/wp-content\/uploads\/2025\/07\/homme-un-technicien-electricien-travaillant-dans-un-standard-avec-des-fusibles-2-2048x1365.jpg 2048w\" sizes=\"(max-width: 1024px) 100vw, 1024px\" \/><\/figure>\n\n\n\n<p>Chez <strong>KALIB R\u00e9novation<\/strong>, nous r\u00e9alisons des <strong>installations \u00e9lectriques s\u00fbres, conformes et<\/strong><\/p>\n\n\n\n<p><strong>durables<\/strong>, aussi bien en r\u00e9novation partielle qu\u2019en r\u00e9novation compl\u00e8te. Nous intervenons sur :<\/p>\n\n\n\n<ul class=\"wp-block-list\">\n<li>la mise aux normes des installations existantes,<\/li>\n\n\n\n<li>le remplacement ou la cr\u00e9ation de tableaux \u00e9lectriques,<\/li>\n\n\n\n<li>l\u2019ajout de prises, \u00e9clairages et circuits d\u00e9di\u00e9s,<\/li>\n\n\n\n<li>la s\u00e9curisation des logements anciens. Chaque projet est \u00e9tudi\u00e9 avec soin afin d\u2019allier <strong>s\u00e9curit\u00e9, confort et esth\u00e9tique<\/strong>, tout en respectant les normes en vigueur (NF C 15-100).<br>Nous accompagnons nos clients de l\u2019\u00e9tude jusqu\u2019\u00e0 la r\u00e9ception du chantier, avec un travail propre et soign\u00e9. <strong>Contactez-nous pour une \u00e9tude personnalis\u00e9e et un devis gratuit.<\/strong><\/li>\n<\/ul>\n\n\n\n<p><\/p>\n","protected":false},"excerpt":{"rendered":"<p>Chez KALIB R\u00e9novation, nous r\u00e9alisons des installations \u00e9lectriques s\u00fbres, conformes et durables, aussi bien en r\u00e9novation partielle qu\u2019en r\u00e9novation compl\u00e8te. Nous intervenons sur :<\/p>\n","protected":false},"author":1,"featured_media":0,"parent":0,"menu_order":0,"comment_status":"closed","ping_status":"closed","template":"","meta":{"footnotes":""},"class_list":["post-194","page","type-page","status-publish","hentry"],"_links":{"self":[{"href":"https:\/\/kalibrenov.fr\/index.php\/wp-json\/wp\/v2\/pages\/194","targetHints":{"allow":["GET"]}}],"collection":[{"href":"https:\/\/kalibrenov.fr\/index.php\/wp-json\/wp\/v2\/pages"}],"about":[{"href":"https:\/\/kalibrenov.fr\/index.php\/wp-json\/wp\/v2\/types\/page"}],"author":[{"embeddable":true,"href":"https:\/\/kalibrenov.fr\/index.php\/wp-json\/wp\/v2\/users\/1"}],"replies":[{"embeddable":true,"href":"https:\/\/kalibrenov.fr\/index.php\/wp-json\/wp\/v2\/comments?post=194"}],"version-history":[{"count":5,"href":"https:\/\/kalibrenov.fr\/index.php\/wp-json\/wp\/v2\/pages\/194\/revisions"}],"predecessor-version":[{"id":211,"href":"https:\/\/kalibrenov.fr\/index.php\/wp-json\/wp\/v2\/pages\/194\/revisions\/211"}],"wp:attachment":[{"href":"https:\/\/kalibrenov.fr\/index.php\/wp-json\/wp\/v2\/media?parent=194"}],"curies":[{"name":"wp","href":"https:\/\/api.w.org\/{rel}","templated":true}]}}